{"id":453,"date":"2023-02-02T17:54:19","date_gmt":"2023-02-02T17:54:19","guid":{"rendered":"https:\/\/ecp.pome.de\/?post_type=product&#038;p=453"},"modified":"2023-02-02T18:05:29","modified_gmt":"2023-02-02T18:05:29","slug":"bommel-muetze-ecp","status":"publish","type":"product","link":"https:\/\/ecp.pome.de\/index.php\/produkt\/bommel-muetze-ecp\/","title":{"rendered":"Bommel M\u00fctze ECP"},"content":{"rendered":"<ul>\n<li>Angesagte, 3-farbige H\u00e4kelm\u00fctze mit Pompon<\/li>\n<li>Grobe H\u00e4keloptik<\/li>\n<li>Handgearbeitet<\/li>\n<li>M\u00fctzeninnenseite mit eingearbeitetem Fleeceband f\u00fcr einen angenehmen Tragekomfort<\/li>\n<li>100% Polyacryl<\/li>\n<li>ECP Logo gestickt auf der Front<\/li>\n<\/ul>\n<p>Bei allen angebotenen Artikel handelt es sich Fanclub Artikel, die nur auf Bestellung produziert werden.<\/p>\n<p>Es ist keine Handelsware und somit sind alle angebotenen Artikel vom Umtausch und der R\u00fcckgabe ausgeschlossen.<\/p>\n","protected":false},"excerpt":{"rendered":"<p>Angesagte, 3-farbige H\u00e4kelm\u00fctze mit Pompon Grobe H\u00e4keloptik Handgearbeitet M\u00fctzeninnenseite mit eingearbeitetem Fleeceband f\u00fcr einen angenehmen Tragekomfort 100% Polyacryl ECP Logo gestickt auf der Front Bei allen angebotenen Artikel handelt es sich Fanclub Artikel, die nur auf Bestellung produziert werden. Es ist keine Handelsware und somit sind alle angebotenen Artikel vom Umtausch und der R\u00fcckgabe ausgeschlossen.<\/p>\n","protected":false},"featured_media":455,"template":"","meta":[],"product_cat":[30,34,35],"product_tag":[],"class_list":["post-453","product","type-product","status-publish","has-post-thumbnail","hentry","product_cat-caps-muetzen-ecp","product_cat-damen-ecp","product_cat-herren"],"jetpack_sharing_enabled":true,"_links":{"self":[{"href":"https:\/\/ecp.pome.de\/index.php\/wp-json\/wp\/v2\/product\/453","targetHints":{"allow":["GET"]}}],"collection":[{"href":"https:\/\/ecp.pome.de\/index.php\/wp-json\/wp\/v2\/product"}],"about":[{"href":"https:\/\/ecp.pome.de\/index.php\/wp-json\/wp\/v2\/types\/product"}],"wp:featuredmedia":[{"embeddable":true,"href":"https:\/\/ecp.pome.de\/index.php\/wp-json\/wp\/v2\/media\/455"}],"wp:attachment":[{"href":"https:\/\/ecp.pome.de\/index.php\/wp-json\/wp\/v2\/media?parent=453"}],"wp:term":[{"taxonomy":"product_cat","embeddable":true,"href":"https:\/\/ecp.pome.de\/index.php\/wp-json\/wp\/v2\/product_cat?post=453"},{"taxonomy":"product_tag","embeddable":true,"href":"https:\/\/ecp.pome.de\/index.php\/wp-json\/wp\/v2\/product_tag?post=453"}],"curies":[{"name":"wp","href":"https:\/\/api.w.org\/{rel}","templated":true}]}}