{"id":400,"date":"2023-02-02T09:31:07","date_gmt":"2023-02-02T09:31:07","guid":{"rendered":"https:\/\/ecp.pome.de\/?post_type=product&#038;p=400"},"modified":"2023-02-02T13:26:23","modified_gmt":"2023-02-02T13:26:23","slug":"t-shirt-ecp-kids-2","status":"publish","type":"product","link":"https:\/\/ecp.pome.de\/index.php\/produkt\/t-shirt-ecp-kids-2\/","title":{"rendered":"T-Shirt ECP Kids"},"content":{"rendered":"<div id=\"product-details-description\" class=\"tab-pane active\">\n<div class=\"description\">\n<p>&nbsp;<\/p>\n<ul>\n<li>100% Baumwolle (Heather Grey: 97% Baumwolle \/ 3% Polyester),<\/li>\n<li>ECP Logo gedruckt auf der Front<\/li>\n<li>40 \u00b0C waschbar<\/li>\n<li>Trockner geeignet<\/li>\n<li>B\u00fcgeln erlaubt, das Logo nicht \u00fcberb\u00fcgeln, schmelzgefahr.<\/li>\n<li>Gr\u00f6ssen: 92, 98, 104, 116, 128, 140, 152, 164<\/li>\n<\/ul>\n<p>Bei allen angebotenen Artikel handelt es sich Fanclub Artikel, die nur auf Bestellung produziert werden.<\/p>\n<p>Es ist keine Handelsware und somit sind alle angebotenen Artikel vom Umtausch und der R\u00fcckgabe ausgeschlossen.<\/p>\n<\/div>\n<\/div>\n","protected":false},"excerpt":{"rendered":"<p>&nbsp; 100% Baumwolle (Heather Grey: 97% Baumwolle \/ 3% Polyester), ECP Logo gedruckt auf der Front 40 \u00b0C waschbar Trockner geeignet B\u00fcgeln erlaubt, das Logo nicht \u00fcberb\u00fcgeln, schmelzgefahr. Gr\u00f6ssen: 92, 98, 104, 116, 128, 140, 152, 164 Bei allen angebotenen Artikel handelt es sich Fanclub Artikel, die nur auf Bestellung produziert werden. Es ist keine Handelsware und somit sind alle angebotenen Artikel vom Umtausch und der R\u00fcckgabe ausgeschlossen.<\/p>\n","protected":false},"featured_media":417,"template":"","meta":[],"product_cat":[36,32],"product_tag":[],"class_list":["post-400","product","type-product","status-publish","has-post-thumbnail","hentry","product_cat-kids-ecp","product_cat-t-shirt"],"jetpack_sharing_enabled":true,"_links":{"self":[{"href":"https:\/\/ecp.pome.de\/index.php\/wp-json\/wp\/v2\/product\/400","targetHints":{"allow":["GET"]}}],"collection":[{"href":"https:\/\/ecp.pome.de\/index.php\/wp-json\/wp\/v2\/product"}],"about":[{"href":"https:\/\/ecp.pome.de\/index.php\/wp-json\/wp\/v2\/types\/product"}],"wp:featuredmedia":[{"embeddable":true,"href":"https:\/\/ecp.pome.de\/index.php\/wp-json\/wp\/v2\/media\/417"}],"wp:attachment":[{"href":"https:\/\/ecp.pome.de\/index.php\/wp-json\/wp\/v2\/media?parent=400"}],"wp:term":[{"taxonomy":"product_cat","embeddable":true,"href":"https:\/\/ecp.pome.de\/index.php\/wp-json\/wp\/v2\/product_cat?post=400"},{"taxonomy":"product_tag","embeddable":true,"href":"https:\/\/ecp.pome.de\/index.php\/wp-json\/wp\/v2\/product_tag?post=400"}],"curies":[{"name":"wp","href":"https:\/\/api.w.org\/{rel}","templated":true}]}}