{"id":312,"date":"2023-02-01T18:38:49","date_gmt":"2023-02-01T18:38:49","guid":{"rendered":"https:\/\/ecp.pome.de\/?post_type=product&#038;p=312"},"modified":"2023-02-02T08:14:07","modified_gmt":"2023-02-02T08:14:07","slug":"lady-t-shirt-hopfi","status":"publish","type":"product","link":"https:\/\/ecp.pome.de\/index.php\/produkt\/lady-t-shirt-hopfi\/","title":{"rendered":"Lady T-Shirt Hopfi"},"content":{"rendered":"<div id=\"product-details-description\" class=\"tab-pane active\">\n<div class=\"description\">\n<p>&nbsp;<\/p>\n<ul>\n<li>100% Bio-Baumwolle (Heather Grey: 97% Baumwolle \/ 3% Polyester),<\/li>\n<li>Hopfi Logo gedruckt auf der Front<\/li>\n<li>\n<div class=\"details weight ng-binding ng-scope\"><strong class=\"ng-binding\">GEWICHT <\/strong>Colours: 165 g\/m\u00b2<\/div>\n<div class=\"details description ng-scope\" style=\"box-sizing: border-box; font-size: 16px; margin: 20px 0px; color: #222222; font-family: futura-pt, sans-serif; font-style: normal; font-variant-ligatures: normal; font-variant-caps: normal; font-weight: 300; letter-spacing: 0.8px; orphans: 2; text-align: start; text-indent: 0px; text-transform: none; white-space: normal; widows: 2; word-spacing: 0px; -webkit-text-stroke-width: 0px; background-color: #ffffff; text-decoration-thickness: initial; text-decoration-style: initial; text-decoration-color: initial;\">\n<p><strong class=\"ng-binding\">BESCHREIBUNG<\/strong><\/p>\n<ul class=\"feature-list\">\n<li class=\"description-item ng-binding ng-scope\">Rundhalsausschnitt mit Baumwolle\/LYCRA\u00ae Ripp<\/li>\n<li class=\"description-item ng-binding ng-scope\">Gleichfarbiges Nackenband<\/li>\n<li class=\"description-item ng-binding ng-scope\">Feminine Passform mit Seitenn\u00e4hten<\/li>\n<\/ul>\n<\/div>\n<div class=\"details sizes ng-binding\" style=\"box-sizing: border-box; text-transform: uppercase; font-weight: bold; margin: 20px 0px; font-size: 16px; color: #222222; font-family: futura-pt, sans-serif; font-style: normal; font-variant-ligatures: normal; font-variant-caps: normal; letter-spacing: 0.8px; orphans: 2; text-align: start; text-indent: 0px; white-space: normal; widows: 2; word-spacing: 0px; -webkit-text-stroke-width: 0px; background-color: #ffffff; text-decoration-thickness: initial; text-decoration-style: initial; text-decoration-color: initial;\"><strong class=\"ng-binding\">GR\u00d6SSENLAU<\/strong>GR\u00d6SSEN:<span class=\"ng-scope\"><span class=\"ng-binding ng-scope\">XS<\/span>\u00a0<\/span><span class=\"ng-scope\"><span class=\"ng-binding ng-scope\">&#8211; S<\/span>\u00a0<\/span><span class=\"ng-scope\"><span class=\"ng-binding ng-scope\">&#8211; M<\/span>\u00a0<\/span><span class=\"ng-scope\"><span class=\"ng-binding ng-scope\">&#8211; L<\/span>\u00a0<\/span><span class=\"ng-scope\"><span class=\"ng-binding ng-scope\">&#8211; XL<\/span>\u00a0<\/span><span class=\"ng-scope\"><span class=\"ng-binding ng-scope\">&#8211; 2XL<\/span><\/span><\/div>\n<\/li>\n<\/ul>\n<p>Bei allen angebotenen Artikel handelt es sich Fanclub Artikel, die nur auf Bestellung produziert werden.<\/p>\n<p>Es ist keine Handelsware und somit sind alle angebotenen Artikel vom Umtausch und der R\u00fcckgabe ausgeschlossen.<\/p>\n<\/div>\n<\/div>\n","protected":false},"excerpt":{"rendered":"<p>&nbsp; 100% Bio-Baumwolle (Heather Grey: 97% Baumwolle \/ 3% Polyester), Hopfi Logo gedruckt auf der Front GEWICHT Colours: 165 g\/m\u00b2 BESCHREIBUNG Rundhalsausschnitt mit Baumwolle\/LYCRA\u00ae Ripp Gleichfarbiges Nackenband Feminine Passform mit Seitenn\u00e4hten GR\u00d6SSENLAUGR\u00d6SSEN:XS\u00a0&#8211; S\u00a0&#8211; M\u00a0&#8211; L\u00a0&#8211; XL\u00a0&#8211; 2XL Bei allen angebotenen Artikel handelt es sich Fanclub Artikel, die nur auf Bestellung produziert werden. Es ist keine Handelsware und somit sind alle angebotenen Artikel vom Umtausch und der R\u00fcckgabe ausgeschlossen.<\/p>\n","protected":false},"featured_media":325,"template":"","meta":[],"product_cat":[33,34,32,17],"product_tag":[],"class_list":["post-312","product","type-product","status-publish","has-post-thumbnail","hentry","product_cat-damen","product_cat-damen-ecp","product_cat-t-shirt","product_cat-shirts"],"jetpack_sharing_enabled":true,"_links":{"self":[{"href":"https:\/\/ecp.pome.de\/index.php\/wp-json\/wp\/v2\/product\/312","targetHints":{"allow":["GET"]}}],"collection":[{"href":"https:\/\/ecp.pome.de\/index.php\/wp-json\/wp\/v2\/product"}],"about":[{"href":"https:\/\/ecp.pome.de\/index.php\/wp-json\/wp\/v2\/types\/product"}],"wp:featuredmedia":[{"embeddable":true,"href":"https:\/\/ecp.pome.de\/index.php\/wp-json\/wp\/v2\/media\/325"}],"wp:attachment":[{"href":"https:\/\/ecp.pome.de\/index.php\/wp-json\/wp\/v2\/media?parent=312"}],"wp:term":[{"taxonomy":"product_cat","embeddable":true,"href":"https:\/\/ecp.pome.de\/index.php\/wp-json\/wp\/v2\/product_cat?post=312"},{"taxonomy":"product_tag","embeddable":true,"href":"https:\/\/ecp.pome.de\/index.php\/wp-json\/wp\/v2\/product_tag?post=312"}],"curies":[{"name":"wp","href":"https:\/\/api.w.org\/{rel}","templated":true}]}}