{"id":54,"date":"2023-01-23T19:54:57","date_gmt":"2023-01-23T19:54:57","guid":{"rendered":"https:\/\/ecp.pome.de\/?page_id=54"},"modified":"2023-09-30T19:49:48","modified_gmt":"2023-09-30T19:49:48","slug":"impressum","status":"publish","type":"page","link":"https:\/\/ecp.pome.de\/index.php\/impressum\/","title":{"rendered":"Impressum"},"content":{"rendered":"<p>ecp.pome.de<br \/>\nInhaber: Pom\u00e9 GmbH<\/p>\n<p>Gesch\u00e4ftsf\u00fchrung: Eveline Potzler<\/p>\n<p>Telefonnummer: 08441 498 1123<br \/>\nWhatsapp 084414981123<br \/>\nE-Mailadresse: info@pome.de<\/p>\n<p>www.pome.de<\/p>\n<p>Registergericht &amp; Registernummer: Amtsgericht Ingolstadt: HRB 5859<br \/>\nUmsatzsteuer-Identifikationsnummer: DE276099291<\/p>\n<p>Inhaltlich verantwortlich: Evi Potzler, Adresse wie oben.<\/p>\n<p>Plattform der Europ\u00e4ischen Kommission zur Online-Streitbeilegung (OS) f\u00fcr Verbraucher: https:\/\/ec.europa.eu\/consumers\/odr\/. Wir sind nicht bereit und nicht verpflichtet an einem Streitbeilegungsverfahren vor einer Verbraucherschlichtungsstelle teilzunehmen.<\/p>\n","protected":false},"excerpt":{"rendered":"<p>ecp.pome.de Inhaber: Pom\u00e9 GmbH Gesch\u00e4ftsf\u00fchrung: Eveline Potzler Telefonnummer: 08441 498 1123 Whatsapp 084414981123 E-Mailadresse: info@pome.de www.pome.de Registergericht &amp; Registernummer: Amtsgericht Ingolstadt: HRB 5859 Umsatzsteuer-Identifikationsnummer: DE276099291 Inhaltlich verantwortlich: Evi Potzler, Adresse wie oben. Plattform der Europ\u00e4ischen Kommission zur Online-Streitbeilegung (OS) f\u00fcr Verbraucher: https:\/\/ec.europa.eu\/consumers\/odr\/. Wir sind nicht bereit und nicht verpflichtet an einem Streitbeilegungsverfahren vor einer Verbraucherschlichtungsstelle teilzunehmen.<\/p>\n","protected":false},"author":1,"featured_media":0,"parent":0,"menu_order":0,"comment_status":"closed","ping_status":"closed","template":"","meta":{"footnotes":""},"class_list":["post-54","page","type-page","status-publish","hentry"],"jetpack_sharing_enabled":true,"_links":{"self":[{"href":"https:\/\/ecp.pome.de\/index.php\/wp-json\/wp\/v2\/pages\/54","targetHints":{"allow":["GET"]}}],"collection":[{"href":"https:\/\/ecp.pome.de\/index.php\/wp-json\/wp\/v2\/pages"}],"about":[{"href":"https:\/\/ecp.pome.de\/index.php\/wp-json\/wp\/v2\/types\/page"}],"author":[{"embeddable":true,"href":"https:\/\/ecp.pome.de\/index.php\/wp-json\/wp\/v2\/users\/1"}],"replies":[{"embeddable":true,"href":"https:\/\/ecp.pome.de\/index.php\/wp-json\/wp\/v2\/comments?post=54"}],"version-history":[{"count":5,"href":"https:\/\/ecp.pome.de\/index.php\/wp-json\/wp\/v2\/pages\/54\/revisions"}],"predecessor-version":[{"id":489,"href":"https:\/\/ecp.pome.de\/index.php\/wp-json\/wp\/v2\/pages\/54\/revisions\/489"}],"wp:attachment":[{"href":"https:\/\/ecp.pome.de\/index.php\/wp-json\/wp\/v2\/media?parent=54"}],"curies":[{"name":"wp","href":"https:\/\/api.w.org\/{rel}","templated":true}]}}