{"id":461,"date":"2023-02-27T10:32:14","date_gmt":"2023-02-27T10:32:14","guid":{"rendered":"https:\/\/ecp.pome.de\/?page_id=461"},"modified":"2023-02-27T10:33:12","modified_gmt":"2023-02-27T10:33:12","slug":"versand-abholung","status":"publish","type":"page","link":"https:\/\/ecp.pome.de\/index.php\/versand-abholung\/","title":{"rendered":"Versand \/ Abholung"},"content":{"rendered":"\n<p><strong>Versandm\u00f6glichkeiten:<\/strong><\/p>\n\n\n\n<p>Insgesamt stehen drei Versandm\u00f6glichkeiten zur Verf\u00fcgung.<\/p>\n\n\n\n<ol class=\"wp-block-list\">\n<li>Am schnellsten ist der \u201cDPD-Versand\u201d.<br>Sobald die Produkte gefertigt sind, werden sie direkt an euch versendet.<\/li>\n\n\n\n<li>Als Alternative f\u00fcr den Nachwuchs haben wir die Option \u201eAbholung im Stadion f\u00fcr Nachwuchsmannschaften\u201c hinzugef\u00fcgt. Diese Option ist ausschlie\u00dflich nur f\u00fcr die Nachwuchsmannschaften des EC Pfaffenhofen gedacht.<br>In diesem Fall werden die Artikel in der Regel 14-t\u00e4gig bei uns abgeholt und bei den entsprechenden Betreuern der Mannschaft hinterlegt. Bitte f\u00fcllt daher bei der Lieferadresse auch das Feld Mannschaft aus.<\/li>\n\n\n\n<li>Die dritte Option ist die \u201eAbholung im Stadion bei Heimspielen der 1. Mannschaft im 1. Drittel\u201d<br>Diese bietet sich vor allem f\u00fcr Fans an, die bei den Heimspielen der 1. Mannschaft im Stadion sind. Die gefertigten Produkte k\u00f6nnen dann am Nachwuchsstand nur w\u00e4hrend des 1. Drittels abgeholt werden. Wie bei der 2. Option erfolgt die Lieferung der Artikel ins Stadion in der Regel 14-t\u00e4gig.<\/li>\n<\/ol>\n\n\n\n<p>Generell k\u00f6nnen Option 2 und 3 lediglich w\u00e4hrend der Eishockeysaison angeboten werden.<\/p>\n","protected":false},"excerpt":{"rendered":"<p>Versandm\u00f6glichkeiten: Insgesamt stehen drei Versandm\u00f6glichkeiten zur Verf\u00fcgung. Generell k\u00f6nnen Option 2 und 3 lediglich w\u00e4hrend der Eishockeysaison angeboten werden.<\/p>\n","protected":false},"author":1,"featured_media":0,"parent":0,"menu_order":0,"comment_status":"closed","ping_status":"closed","template":"","meta":{"footnotes":""},"class_list":["post-461","page","type-page","status-publish","hentry"],"jetpack_sharing_enabled":true,"_links":{"self":[{"href":"https:\/\/ecp.pome.de\/index.php\/wp-json\/wp\/v2\/pages\/461","targetHints":{"allow":["GET"]}}],"collection":[{"href":"https:\/\/ecp.pome.de\/index.php\/wp-json\/wp\/v2\/pages"}],"about":[{"href":"https:\/\/ecp.pome.de\/index.php\/wp-json\/wp\/v2\/types\/page"}],"author":[{"embeddable":true,"href":"https:\/\/ecp.pome.de\/index.php\/wp-json\/wp\/v2\/users\/1"}],"replies":[{"embeddable":true,"href":"https:\/\/ecp.pome.de\/index.php\/wp-json\/wp\/v2\/comments?post=461"}],"version-history":[{"count":2,"href":"https:\/\/ecp.pome.de\/index.php\/wp-json\/wp\/v2\/pages\/461\/revisions"}],"predecessor-version":[{"id":463,"href":"https:\/\/ecp.pome.de\/index.php\/wp-json\/wp\/v2\/pages\/461\/revisions\/463"}],"wp:attachment":[{"href":"https:\/\/ecp.pome.de\/index.php\/wp-json\/wp\/v2\/media?parent=461"}],"curies":[{"name":"wp","href":"https:\/\/api.w.org\/{rel}","templated":true}]}}